{"id":222,"date":"2013-07-08T12:31:12","date_gmt":"2013-07-08T12:31:12","guid":{"rendered":"http:\/\/scorpionkarate.ro\/?page_id=222"},"modified":"2015-06-10T11:23:54","modified_gmt":"2015-06-10T11:23:54","slug":"marin-cristian","status":"publish","type":"page","link":"http:\/\/scorpionkarate.ro\/?page_id=222","title":{"rendered":"Marin Cristian"},"content":{"rendered":"<p>&nbsp;<\/p>\n<p>&nbsp;<\/p>\n<p><a href=\"http:\/\/scorpionkarate.ro\/wp-content\/uploads\/2013\/06\/DSC01044.jpg\"><img decoding=\"async\" loading=\"lazy\" class=\"alignnone size-medium wp-image-77\" alt=\"DSC01044\" src=\"http:\/\/scorpionkarate.ro\/wp-content\/uploads\/2013\/06\/DSC01044-225x300.jpg\" width=\"225\" height=\"300\" srcset=\"http:\/\/scorpionkarate.ro\/wp-content\/uploads\/2013\/06\/DSC01044-225x300.jpg 225w, http:\/\/scorpionkarate.ro\/wp-content\/uploads\/2013\/06\/DSC01044-768x1024.jpg 768w\" sizes=\"(max-width: 225px) 100vw, 225px\" \/><\/a><\/p>\n<p><span style=\"font-family: Arial;\">Performante sportive: \u00a0<\/span><\/p>\n<div>\n<div>\n<div>\n<div><span style=\"font-family: Arial;\"><b> 2006: <\/b><\/span><\/div>\n<div><\/div>\n<div><span style=\"font-family: Arial;\"> Cupa Scorpion-15.04.2006- Bucure\u015fti <\/span><\/div>\n<div><span style=\"font-family: Arial;\"> locul II kihon 8 ani, locul III\u00a0 kumite 8 ani -30 kg, locul III kata 8 ani <\/span><\/div>\n<div><\/div>\n<div><span style=\"font-family: Arial;\"> Cupa Tomis- 18.06.2006- Constan\u0163a <\/span><\/div>\n<div><span style=\"font-family: Arial;\"> locul II kumite 6-7 ani\u00a0 -35kg <\/span><\/div>\n<div><\/div>\n<div><span style=\"font-family: Arial;\"> Camp. Na\u0163ional de kata Shito-Ryu-19.11.2006-Rm V\u00e2lcea <\/span><\/div>\n<div><span style=\"font-family: Arial;\"> locul III\u00a0 kata individual <\/span><\/div>\n<div><\/div>\n<div><span style=\"font-family: Arial;\"> Cupa Mo\u015f Cr\u0103ciun edi\u0163ia III- 23.12.2006 -Bucure\u015fti <\/span><\/div>\n<div><span style=\"font-family: Arial;\"> locul I kata individual masculin -8ani <\/span><\/div>\n<div><span style=\"font-family: Arial;\"><b> 2007: <\/b><\/span><\/div>\n<div><\/div>\n<div><span style=\"font-family: Arial;\"> Camp. Na\u0163ional de kata kobudo Shito-Ryu- 4.03.2007 <\/span><\/div>\n<div><span style=\"font-family: Arial;\"> locul I -8 ani <\/span><\/div>\n<div><\/div>\n<div><span style=\"font-family: Arial;\"> Cupa Saishin -15.04.2007 -Rm. V\u00e2lcea <\/span><\/div>\n<div><span style=\"font-family: Arial;\"> locul I -10 ani +25 kg kumite <\/span><\/div>\n<div><\/div>\n<div><span style=\"font-family: Arial;\"> Premiul Master Edi\u0163ia XV-2.06.2007- Reghin <\/span><\/div>\n<div><span style=\"font-family: Arial;\"> locul I kumite masculin 8-9 ani\u00a0 -35 kg <\/span><\/p>\n<div>\n<div><span style=\"font-family: Arial;\">Camp. Na\u0163ional de karate Shito-Ryu -4.03.2007 -Bucure\u015fti <\/span><\/div>\n<div><span style=\"font-family: Arial;\">locul II\u00a0 echip\u0103 10-11 ani mixt b\u0103ieti <\/span><\/div>\n<div><\/div>\n<div><span style=\"font-family: Arial;\">Cupa Muntenia -10.06.2007 -T\u00e2rgovi\u015fte <\/span><\/div>\n<div><span style=\"font-family: Arial;\">locul III\u00a0 kate individual 8-9 ani <\/span><\/div>\n<div><span style=\"font-family: Arial;\"> 2008: <\/span><\/div>\n<div><\/div>\n<div><span style=\"font-family: Arial;\">Camp. Na\u0163ional de kata kobudo Shito-Ryu- 23.02.2008-Bucure\u015fti <\/span><\/div>\n<div><span style=\"font-family: Arial;\">locul I <\/span><\/div>\n<div><\/div>\n<div><span style=\"font-family: Arial;\">C.N. de karateShito-Ryu- 16.03.2008 &#8211; Bucure\u015fti <\/span><\/div>\n<div><span style=\"font-family: Arial;\">locul I\u00a0 10-11 ani\u00a0 -30kg <\/span><\/div>\n<div><\/div>\n<div><span style=\"font-family: Arial;\">Cupa Dinamo Bucure\u015fti -14.05.2008 <\/span><\/div>\n<div><span style=\"font-family: Arial;\">locul III 11-13 ani\u00a0 -45 kg masculin <\/span><\/div>\n<div><\/div>\n<div><span style=\"font-family: Arial;\">Camp. Municipal de karate interstiluri -8.06.2008 -Bucure\u015fti <\/span><\/div>\n<div><span style=\"font-family: Arial;\">locul IV\u00a0 kumite masculin 10 ani <\/span><\/div>\n<div><\/div>\n<div><span style=\"font-family: Arial;\">Camp. Mondial de karate \u015fi kobudo-26-27.07.2008-Barcelona,Spania <\/span><\/div>\n<div><span style=\"font-family: Arial;\">locul I <\/span><\/div>\n<div><span style=\"font-family: Arial;\"> 2009: <\/span><\/div>\n<div><\/div>\n<div><span style=\"font-family: Arial;\">Campionatul Na\u0163ional de kata kobudo Shito-Ryu-21.02.2009 <\/span><\/div>\n<div><span style=\"font-family: Arial;\">locul I\u00a0 9 ani <\/span><\/div>\n<div><\/div>\n<div><span style=\"font-family: Arial;\">Cupa Saishin -2.05.2009 &#8211; Rm.V\u00e2lcea <\/span><\/div>\n<div><span style=\"font-family: Arial;\">locul II\u00a0 C III\u00a0 -35kg <\/span><\/div>\n<div><\/div>\n<div><span style=\"font-family: Arial;\">Cupa Dinamo Bucure\u015fti -10.05.2009 <\/span><\/div>\n<div><span style=\"font-family: Arial;\">locul I\u00a0 11-12 ani -40 kg kumite\u00a0<\/span><\/div>\n<\/div>\n<\/div>\n<\/div>\n<\/div>\n<\/div>\n","protected":false},"excerpt":{"rendered":"<p>&nbsp; &nbsp; Performante sportive: \u00a0 2006: Cupa Scorpion-15.04.2006- Bucure\u015fti locul II kihon 8 ani, locul III\u00a0 kumite 8 ani -30 kg, locul III kata 8 ani Cupa Tomis- 18.06.2006- Constan\u0163a locul II kumite 6-7 ani\u00a0 -35kg Camp. Na\u0163ional de kata &hellip; <a href=\"http:\/\/scorpionkarate.ro\/?page_id=222\">Continue reading <span class=\"meta-nav\">&rarr;<\/span><\/a><\/p>\n","protected":false},"author":1,"featured_media":77,"parent":17,"menu_order":0,"comment_status":"open","ping_status":"open","template":"","meta":[],"_links":{"self":[{"href":"http:\/\/scorpionkarate.ro\/index.php?rest_route=\/wp\/v2\/pages\/222"}],"collection":[{"href":"http:\/\/scorpionkarate.ro\/index.php?rest_route=\/wp\/v2\/pages"}],"about":[{"href":"http:\/\/scorpionkarate.ro\/index.php?rest_route=\/wp\/v2\/types\/page"}],"author":[{"embeddable":true,"href":"http:\/\/scorpionkarate.ro\/index.php?rest_route=\/wp\/v2\/users\/1"}],"replies":[{"embeddable":true,"href":"http:\/\/scorpionkarate.ro\/index.php?rest_route=%2Fwp%2Fv2%2Fcomments&post=222"}],"version-history":[{"count":3,"href":"http:\/\/scorpionkarate.ro\/index.php?rest_route=\/wp\/v2\/pages\/222\/revisions"}],"predecessor-version":[{"id":225,"href":"http:\/\/scorpionkarate.ro\/index.php?rest_route=\/wp\/v2\/pages\/222\/revisions\/225"}],"up":[{"embeddable":true,"href":"http:\/\/scorpionkarate.ro\/index.php?rest_route=\/wp\/v2\/pages\/17"}],"wp:featuredmedia":[{"embeddable":true,"href":"http:\/\/scorpionkarate.ro\/index.php?rest_route=\/wp\/v2\/media\/77"}],"wp:attachment":[{"href":"http:\/\/scorpionkarate.ro\/index.php?rest_route=%2Fwp%2Fv2%2Fmedia&parent=222"}],"curies":[{"name":"wp","href":"https:\/\/api.w.org\/{rel}","templated":true}]}}